{"id":2472,"date":"2023-06-15T14:19:23","date_gmt":"2023-06-15T12:19:23","guid":{"rendered":"https:\/\/pharma.gridwise.fr\/?page_id=2472"},"modified":"2023-07-18T16:55:27","modified_gmt":"2023-07-18T14:55:27","slug":"mentions-legales","status":"publish","type":"page","link":"https:\/\/pharmacie-albigny.com\/?page_id=2472","title":{"rendered":"Mentions l\u00e9gales"},"content":{"rendered":"\t\t<div data-elementor-type=\"wp-page\" data-elementor-id=\"2472\" class=\"elementor elementor-2472\" data-elementor-post-type=\"page\">\n\t\t\t\t\t\t\t\t\t<section class=\"has_eae_slider elementor-section elementor-top-section elementor-element elementor-element-2cee99f elementor-section-boxed elementor-section-height-default elementor-section-height-default\" data-id=\"2cee99f\" data-element_type=\"section\" data-settings=\"{&quot;background_background&quot;:&quot;classic&quot;}\">\n\t\t\t\t\t\t<div class=\"elementor-container elementor-column-gap-default\">\n\t\t\t\t\t<div class=\"has_eae_slider elementor-column elementor-col-100 elementor-top-column elementor-element elementor-element-2fae9e2\" data-id=\"2fae9e2\" data-element_type=\"column\">\n\t\t\t<div class=\"elementor-widget-wrap elementor-element-populated\">\n\t\t\t\t\t\t\t\t<div class=\"elementor-element elementor-element-c21e07b elementor-widget elementor-widget-image\" data-id=\"c21e07b\" data-element_type=\"widget\" data-widget_type=\"image.default\">\n\t\t\t\t<div class=\"elementor-widget-container\">\n\t\t\t<style>\/*! elementor - v3.14.0 - 26-06-2023 *\/\n.elementor-widget-image{text-align:center}.elementor-widget-image a{display:inline-block}.elementor-widget-image a img[src$=\".svg\"]{width:48px}.elementor-widget-image img{vertical-align:middle;display:inline-block}<\/style>\t\t\t\t\t\t\t\t\t\t\t\t\t<a href=\"https:\/\/pharmacie-albigny.com\/\">\n\t\t\t\t\t\t\t<img loading=\"lazy\" decoding=\"async\" width=\"300\" height=\"86\" src=\"https:\/\/pharmacie-albigny.com\/wp-content\/uploads\/2023\/05\/pharmacie2rives-albigny_logo-300x86.png\" class=\"attachment-medium size-medium wp-image-413\" alt=\"Logo Pharmacie des 2 Rives\" srcset=\"https:\/\/pharmacie-albigny.com\/wp-content\/uploads\/2023\/05\/pharmacie2rives-albigny_logo-300x86.png 300w, https:\/\/pharmacie-albigny.com\/wp-content\/uploads\/2023\/05\/pharmacie2rives-albigny_logo.png 539w\" sizes=\"auto, (max-width: 300px) 100vw, 300px\" \/>\t\t\t\t\t\t\t\t<\/a>\n\t\t\t\t\t\t\t\t\t\t\t\t\t\t\t<\/div>\n\t\t\t\t<\/div>\n\t\t\t\t<div class=\"elementor-element elementor-element-abf4f75 elementor-widget elementor-widget-heading\" data-id=\"abf4f75\" data-element_type=\"widget\" data-widget_type=\"heading.default\">\n\t\t\t\t<div class=\"elementor-widget-container\">\n\t\t\t<style>\/*! elementor - v3.14.0 - 26-06-2023 *\/\n.elementor-heading-title{padding:0;margin:0;line-height:1}.elementor-widget-heading .elementor-heading-title[class*=elementor-size-]>a{color:inherit;font-size:inherit;line-height:inherit}.elementor-widget-heading .elementor-heading-title.elementor-size-small{font-size:15px}.elementor-widget-heading .elementor-heading-title.elementor-size-medium{font-size:19px}.elementor-widget-heading .elementor-heading-title.elementor-size-large{font-size:29px}.elementor-widget-heading .elementor-heading-title.elementor-size-xl{font-size:39px}.elementor-widget-heading .elementor-heading-title.elementor-size-xxl{font-size:59px}<\/style><h1 class=\"elementor-heading-title elementor-size-default\">Mentions l\u00e9gales<\/h1>\t\t<\/div>\n\t\t\t\t<\/div>\n\t\t\t\t<div class=\"elementor-element elementor-element-57568e5 elementor-widget elementor-widget-text-editor\" data-id=\"57568e5\" data-element_type=\"widget\" data-widget_type=\"text-editor.default\">\n\t\t\t\t<div class=\"elementor-widget-container\">\n\t\t\t<style>\/*! elementor - v3.14.0 - 26-06-2023 *\/\n.elementor-widget-text-editor.elementor-drop-cap-view-stacked .elementor-drop-cap{background-color:#69727d;color:#fff}.elementor-widget-text-editor.elementor-drop-cap-view-framed .elementor-drop-cap{color:#69727d;border:3px solid;background-color:transparent}.elementor-widget-text-editor:not(.elementor-drop-cap-view-default) .elementor-drop-cap{margin-top:8px}.elementor-widget-text-editor:not(.elementor-drop-cap-view-default) .elementor-drop-cap-letter{width:1em;height:1em}.elementor-widget-text-editor .elementor-drop-cap{float:left;text-align:center;line-height:1;font-size:50px}.elementor-widget-text-editor .elementor-drop-cap-letter{display:inline-block}<\/style>\t\t\t\t<p><span class=\"TextRun SCXW175547461 BCX0\" lang=\"FR-FR\" xml:lang=\"FR-FR\" data-contrast=\"auto\"><span class=\"NormalTextRun SCXW175547461 BCX0\">Conform\u00e9ment aux dispositions des articles 6-III et 19 de la Loi n\u00b0 2004-575 du 21 juin 2004 pour la Confiance dans l\u2019\u00e9conomie num\u00e9rique, dite L.C.E.N., nous portons \u00e0 la connaissance des utilisateurs et visiteurs du site : www.<\/span><span class=\"NormalTextRun SCXW175547461 BCX0\">pharmacie-albigny.com<\/span><span class=\"NormalTextRun SCXW175547461 BCX0\"> les informations suivantes :<\/span><\/span><span class=\"EOP SCXW175547461 BCX0\" data-ccp-props=\"{&quot;201341983&quot;:0,&quot;335559739&quot;:160,&quot;335559740&quot;:276}\">\u00a0<\/span><\/p>\t\t\t\t\t\t<\/div>\n\t\t\t\t<\/div>\n\t\t\t\t<div class=\"elementor-element elementor-element-3f13a5b elementor-widget elementor-widget-heading\" data-id=\"3f13a5b\" data-element_type=\"widget\" data-widget_type=\"heading.default\">\n\t\t\t\t<div class=\"elementor-widget-container\">\n\t\t\t<h2 class=\"elementor-heading-title elementor-size-default\">\u00c9diteur<\/h2>\t\t<\/div>\n\t\t\t\t<\/div>\n\t\t\t\t<div class=\"elementor-element elementor-element-c079e2a elementor-widget elementor-widget-text-editor\" data-id=\"c079e2a\" data-element_type=\"widget\" data-widget_type=\"text-editor.default\">\n\t\t\t\t<div class=\"elementor-widget-container\">\n\t\t\t\t\t\t\t<p><span data-contrast=\"auto\">Le site <\/span><a href=\"http:\/\/pharmacie-albigny.com\/\"><span data-contrast=\"none\">pharmacie-albigny.com<\/span><\/a><span data-contrast=\"auto\"> est la propri\u00e9t\u00e9 exclusive de SELAS Pharmacie des 2 Rives, qui l&rsquo;\u00e9dite.<\/span><span style=\"font-size: 16px;\" data-ccp-props=\"{&quot;201341983&quot;:0,&quot;335559739&quot;:160,&quot;335559740&quot;:276}\">\u00a0<\/span><\/p><p><span data-contrast=\"auto\">Pharmacie des 2 Rives<\/span><span data-ccp-props=\"{&quot;201341983&quot;:0,&quot;335559739&quot;:160,&quot;335559740&quot;:276}\">\u00a0<\/span><\/p><p><span data-contrast=\"auto\">SELAS au capital de 100 000.00 \u20ac<\/span><span data-ccp-props=\"{&quot;201341983&quot;:0,&quot;335559739&quot;:160,&quot;335559740&quot;:276}\">\u00a0<\/span><\/p><p>13 rue Germain<\/p><p>69250 Albigny sur Sa\u00f4ne<\/p><p><span style=\"font-style: inherit; font-weight: inherit; color: var( --e-global-color-e1f5bd4 ); background-color: var(--ast-global-color-5);\" data-ccp-props=\"{&quot;201341983&quot;:0,&quot;335559739&quot;:160,&quot;335559740&quot;:276}\">\u00a0<\/span><\/p><p><span data-contrast=\"auto\">Immatricul\u00e9e au registre du commerce et des soci\u00e9t\u00e9s sous le num\u00e9ro de gestion 2013D02300<\/span><span data-ccp-props=\"{&quot;201341983&quot;:0,&quot;335559739&quot;:160,&quot;335559740&quot;:276}\">\u00a0<\/span><\/p><p><span data-contrast=\"auto\">Num\u00e9ro de TVA intracommunautaire : FR50799025226<\/span><span data-ccp-props=\"{&quot;201341983&quot;:0,&quot;335559739&quot;:160,&quot;335559740&quot;:276}\">\u00a0<\/span><\/p><p><span data-contrast=\"auto\">SIRET : 79902522600017<\/span><span data-ccp-props=\"{&quot;201341983&quot;:0,&quot;335559739&quot;:160,&quot;335559740&quot;:276}\">\u00a0<\/span><\/p><p><span data-contrast=\"auto\">Adresse de courrier \u00e9lectronique\u202f: <\/span><a href=\"mailto:pharmades2rives@gmail.com\"><span data-contrast=\"none\">pharmades2rives@gmail.com<\/span><\/a><span data-ccp-props=\"{&quot;201341983&quot;:0,&quot;335559739&quot;:160,&quot;335559740&quot;:276}\">\u00a0<\/span><\/p><p><span data-contrast=\"auto\">Dirigeant: Isabelle Moulin<\/span><span data-ccp-props=\"{&quot;201341983&quot;:0,&quot;335559739&quot;:160,&quot;335559740&quot;:276}\">\u00a0<\/span><\/p>\t\t\t\t\t\t<\/div>\n\t\t\t\t<\/div>\n\t\t\t\t<div class=\"elementor-element elementor-element-928d4c1 elementor-widget elementor-widget-heading\" data-id=\"928d4c1\" data-element_type=\"widget\" data-widget_type=\"heading.default\">\n\t\t\t\t<div class=\"elementor-widget-container\">\n\t\t\t<h2 class=\"elementor-heading-title elementor-size-default\">H\u00e9bergement<\/h2>\t\t<\/div>\n\t\t\t\t<\/div>\n\t\t\t\t<div class=\"elementor-element elementor-element-96fcda3 elementor-widget elementor-widget-text-editor\" data-id=\"96fcda3\" data-element_type=\"widget\" data-widget_type=\"text-editor.default\">\n\t\t\t\t<div class=\"elementor-widget-container\">\n\t\t\t\t\t\t\t<p>Le site est h\u00e9berg\u00e9 par OVH 2 rue Kellermann 59100 Roubaix France<\/p>\t\t\t\t\t\t<\/div>\n\t\t\t\t<\/div>\n\t\t\t\t<div class=\"elementor-element elementor-element-6d14326 elementor-widget elementor-widget-heading\" data-id=\"6d14326\" data-element_type=\"widget\" data-widget_type=\"heading.default\">\n\t\t\t\t<div class=\"elementor-widget-container\">\n\t\t\t<h2 class=\"elementor-heading-title elementor-size-default\">Cookies<\/h2>\t\t<\/div>\n\t\t\t\t<\/div>\n\t\t\t\t<div class=\"elementor-element elementor-element-56fb3c7 elementor-widget elementor-widget-text-editor\" data-id=\"56fb3c7\" data-element_type=\"widget\" data-widget_type=\"text-editor.default\">\n\t\t\t\t<div class=\"elementor-widget-container\">\n\t\t\t\t\t\t\t<p>Afin de rendre la visite de notre site Internet attrayante et de vous permettre d&rsquo;utiliser certaines fonctions, nous utilisons ce que l&rsquo;on appelle des \u00ab\u00a0cookies\u00a0\u00bb. Il s&rsquo;agit de petits fichiers texte qui sont stock\u00e9s sur votre appareil. Certains de ces cookies (appel\u00e9s cookies de session) sont supprim\u00e9s \u00e0 la fin de votre session de navigation. D&rsquo;autres cookies (appel\u00e9s cookies persistants) restent sur votre appareil et nous permettent de reconna\u00eetre votre navigateur lorsque vous nous rendez \u00e0 nouveau visite. Vous pouvez configurer votre navigateur de mani\u00e8re \u00e0 \u00eatre inform\u00e9 de l&rsquo;installation de cookies et \u00e0 d\u00e9cider de les accepter ou non, au cas par cas, dans certains cas ou de mani\u00e8re g\u00e9n\u00e9rale.<\/p>\t\t\t\t\t\t<\/div>\n\t\t\t\t<\/div>\n\t\t\t\t<div class=\"elementor-element elementor-element-32e52ba elementor-align-center elementor-widget elementor-widget-button\" data-id=\"32e52ba\" data-element_type=\"widget\" data-widget_type=\"button.default\">\n\t\t\t\t<div class=\"elementor-widget-container\">\n\t\t\t\t\t<div class=\"elementor-button-wrapper\">\n\t\t\t<a class=\"elementor-button elementor-button-link elementor-size-xs\" href=\"http:\/\/pharmacie-albigny.com\">\n\t\t\t\t\t\t<span class=\"elementor-button-content-wrapper\">\n\t\t\t\t\t\t<span class=\"elementor-button-text\">Retour \u00e0 l'accueil<\/span>\n\t\t<\/span>\n\t\t\t\t\t<\/a>\n\t\t<\/div>\n\t\t\t\t<\/div>\n\t\t\t\t<\/div>\n\t\t\t\t\t<\/div>\n\t\t<\/div>\n\t\t\t\t\t\t\t<\/div>\n\t\t<\/section>\n\t\t\t\t\t\t\t<\/div>\n\t\t","protected":false},"excerpt":{"rendered":"<p>Mentions l\u00e9gales Conform\u00e9ment aux dispositions des articles 6-III et 19 de la Loi n\u00b0 2004-575 du 21 juin 2004 pour la Confiance dans l\u2019\u00e9conomie num\u00e9rique, dite L.C.E.N., nous portons \u00e0 la connaissance des utilisateurs et visiteurs du site : www.pharmacie-albigny.com les informations suivantes :\u00a0 \u00c9diteur Le site pharmacie-albigny.com est la propri\u00e9t\u00e9 exclusive de SELAS Pharmacie &hellip;<\/p>\n<p class=\"read-more\"> <a class=\"\" href=\"https:\/\/pharmacie-albigny.com\/?page_id=2472\"> <span class=\"screen-reader-text\">Mentions l\u00e9gales<\/span> Lire la suite\u00a0\u00bb<\/a><\/p>\n","protected":false},"author":4,"featured_media":0,"parent":0,"menu_order":95,"comment_status":"closed","ping_status":"closed","template":"elementor_canvas","meta":{"site-sidebar-layout":"no-sidebar","site-content-layout":"page-builder","ast-global-header-display":"","ast-banner-title-visibility":"","ast-main-header-display":"","ast-hfb-above-header-display":"","ast-hfb-below-header-display":"","ast-hfb-mobile-header-display":"","site-post-title":"disabled","ast-breadcrumbs-content":"","ast-featured-img":"disabled","footer-sml-layout":"","theme-transparent-header-meta":"","adv-header-id-meta":"","stick-header-meta":"","header-above-stick-meta":"","header-main-stick-meta":"","header-below-stick-meta":"","footnotes":""},"class_list":["post-2472","page","type-page","status-publish","hentry"],"yoast_head":"<!-- This site is optimized with the Yoast SEO plugin v21.1 - https:\/\/yoast.com\/wordpress\/plugins\/seo\/ -->\n<title>Mentions l\u00e9gales - Pharmacie des Deux Rives<\/title>\n<meta name=\"robots\" content=\"index, follow, max-snippet:-1, max-image-preview:large, max-video-preview:-1\" \/>\n<link rel=\"canonical\" href=\"https:\/\/pharmacie-albigny.com\/?page_id=2472\" \/>\n<meta property=\"og:locale\" content=\"fr_FR\" \/>\n<meta property=\"og:type\" content=\"article\" \/>\n<meta property=\"og:title\" content=\"Mentions l\u00e9gales - Pharmacie des Deux Rives\" \/>\n<meta property=\"og:description\" content=\"Mentions l\u00e9gales Conform\u00e9ment aux dispositions des articles 6-III et 19 de la Loi n\u00b0 2004-575 du 21 juin 2004 pour la Confiance dans l\u2019\u00e9conomie num\u00e9rique, dite L.C.E.N., nous portons \u00e0 la connaissance des utilisateurs et visiteurs du site : www.pharmacie-albigny.com les informations suivantes :\u00a0 \u00c9diteur Le site pharmacie-albigny.com est la propri\u00e9t\u00e9 exclusive de SELAS Pharmacie &hellip; Mentions l\u00e9gales Lire la suite\u00a0\u00bb\" \/>\n<meta property=\"og:url\" content=\"https:\/\/pharmacie-albigny.com\/?page_id=2472\" \/>\n<meta property=\"og:site_name\" content=\"Pharmacie des Deux Rives\" \/>\n<meta property=\"article:publisher\" content=\"https:\/\/www.facebook.com\/profile.php?id=100057039146790\" \/>\n<meta property=\"article:modified_time\" content=\"2023-07-18T14:55:27+00:00\" \/>\n<meta property=\"og:image\" content=\"https:\/\/pharmacie-albigny.com\/wp-content\/uploads\/2023\/05\/pharmacie2rives-albigny_logo-300x86.png\" \/>\n<meta name=\"twitter:card\" content=\"summary_large_image\" \/>\n<meta name=\"twitter:label1\" content=\"Dur\u00e9e de lecture estim\u00e9e\" \/>\n\t<meta name=\"twitter:data1\" content=\"1 minute\" \/>\n<script type=\"application\/ld+json\" class=\"yoast-schema-graph\">{\"@context\":\"https:\/\/schema.org\",\"@graph\":[{\"@type\":\"WebPage\",\"@id\":\"https:\/\/pharmacie-albigny.com\/?page_id=2472\",\"url\":\"https:\/\/pharmacie-albigny.com\/?page_id=2472\",\"name\":\"Mentions l\u00e9gales - Pharmacie des Deux Rives\",\"isPartOf\":{\"@id\":\"https:\/\/pharmacie-albigny.com\/#website\"},\"datePublished\":\"2023-06-15T12:19:23+00:00\",\"dateModified\":\"2023-07-18T14:55:27+00:00\",\"breadcrumb\":{\"@id\":\"https:\/\/pharmacie-albigny.com\/?page_id=2472#breadcrumb\"},\"inLanguage\":\"fr-FR\",\"potentialAction\":[{\"@type\":\"ReadAction\",\"target\":[\"https:\/\/pharmacie-albigny.com\/?page_id=2472\"]}]},{\"@type\":\"BreadcrumbList\",\"@id\":\"https:\/\/pharmacie-albigny.com\/?page_id=2472#breadcrumb\",\"itemListElement\":[{\"@type\":\"ListItem\",\"position\":1,\"name\":\"Accueil\",\"item\":\"https:\/\/pharmacie-albigny.com\/\"},{\"@type\":\"ListItem\",\"position\":2,\"name\":\"Mentions l\u00e9gales\"}]},{\"@type\":\"WebSite\",\"@id\":\"https:\/\/pharmacie-albigny.com\/#website\",\"url\":\"https:\/\/pharmacie-albigny.com\/\",\"name\":\"Pharmacie des Deux Rives\",\"description\":\"Albigny-sur-Sa\u00f4ne 69250\",\"publisher\":{\"@id\":\"https:\/\/pharmacie-albigny.com\/#organization\"},\"potentialAction\":[{\"@type\":\"SearchAction\",\"target\":{\"@type\":\"EntryPoint\",\"urlTemplate\":\"https:\/\/pharmacie-albigny.com\/?s={search_term_string}\"},\"query-input\":\"required name=search_term_string\"}],\"inLanguage\":\"fr-FR\"},{\"@type\":\"Organization\",\"@id\":\"https:\/\/pharmacie-albigny.com\/#organization\",\"name\":\"Pharmacie des Deux Rives\",\"url\":\"https:\/\/pharmacie-albigny.com\/\",\"logo\":{\"@type\":\"ImageObject\",\"inLanguage\":\"fr-FR\",\"@id\":\"https:\/\/pharmacie-albigny.com\/#\/schema\/logo\/image\/\",\"url\":\"https:\/\/pharmacie-albigny.com\/wp-content\/uploads\/2023\/05\/pharmacie2rives-albigny_logo.png\",\"contentUrl\":\"https:\/\/pharmacie-albigny.com\/wp-content\/uploads\/2023\/05\/pharmacie2rives-albigny_logo.png\",\"width\":539,\"height\":155,\"caption\":\"Pharmacie des Deux Rives\"},\"image\":{\"@id\":\"https:\/\/pharmacie-albigny.com\/#\/schema\/logo\/image\/\"},\"sameAs\":[\"https:\/\/www.facebook.com\/profile.php?id=100057039146790\"]}]}<\/script>\n<!-- \/ Yoast SEO plugin. -->","yoast_head_json":{"title":"Mentions l\u00e9gales - Pharmacie des Deux Rives","robots":{"index":"index","follow":"follow","max-snippet":"max-snippet:-1","max-image-preview":"max-image-preview:large","max-video-preview":"max-video-preview:-1"},"canonical":"https:\/\/pharmacie-albigny.com\/?page_id=2472","og_locale":"fr_FR","og_type":"article","og_title":"Mentions l\u00e9gales - Pharmacie des Deux Rives","og_description":"Mentions l\u00e9gales Conform\u00e9ment aux dispositions des articles 6-III et 19 de la Loi n\u00b0 2004-575 du 21 juin 2004 pour la Confiance dans l\u2019\u00e9conomie num\u00e9rique, dite L.C.E.N., nous portons \u00e0 la connaissance des utilisateurs et visiteurs du site : www.pharmacie-albigny.com les informations suivantes :\u00a0 \u00c9diteur Le site pharmacie-albigny.com est la propri\u00e9t\u00e9 exclusive de SELAS Pharmacie &hellip; Mentions l\u00e9gales Lire la suite\u00a0\u00bb","og_url":"https:\/\/pharmacie-albigny.com\/?page_id=2472","og_site_name":"Pharmacie des Deux Rives","article_publisher":"https:\/\/www.facebook.com\/profile.php?id=100057039146790","article_modified_time":"2023-07-18T14:55:27+00:00","og_image":[{"url":"https:\/\/pharmacie-albigny.com\/wp-content\/uploads\/2023\/05\/pharmacie2rives-albigny_logo-300x86.png"}],"twitter_card":"summary_large_image","twitter_misc":{"Dur\u00e9e de lecture estim\u00e9e":"1 minute"},"schema":{"@context":"https:\/\/schema.org","@graph":[{"@type":"WebPage","@id":"https:\/\/pharmacie-albigny.com\/?page_id=2472","url":"https:\/\/pharmacie-albigny.com\/?page_id=2472","name":"Mentions l\u00e9gales - Pharmacie des Deux Rives","isPartOf":{"@id":"https:\/\/pharmacie-albigny.com\/#website"},"datePublished":"2023-06-15T12:19:23+00:00","dateModified":"2023-07-18T14:55:27+00:00","breadcrumb":{"@id":"https:\/\/pharmacie-albigny.com\/?page_id=2472#breadcrumb"},"inLanguage":"fr-FR","potentialAction":[{"@type":"ReadAction","target":["https:\/\/pharmacie-albigny.com\/?page_id=2472"]}]},{"@type":"BreadcrumbList","@id":"https:\/\/pharmacie-albigny.com\/?page_id=2472#breadcrumb","itemListElement":[{"@type":"ListItem","position":1,"name":"Accueil","item":"https:\/\/pharmacie-albigny.com\/"},{"@type":"ListItem","position":2,"name":"Mentions l\u00e9gales"}]},{"@type":"WebSite","@id":"https:\/\/pharmacie-albigny.com\/#website","url":"https:\/\/pharmacie-albigny.com\/","name":"Pharmacie des Deux Rives","description":"Albigny-sur-Sa\u00f4ne 69250","publisher":{"@id":"https:\/\/pharmacie-albigny.com\/#organization"},"potentialAction":[{"@type":"SearchAction","target":{"@type":"EntryPoint","urlTemplate":"https:\/\/pharmacie-albigny.com\/?s={search_term_string}"},"query-input":"required name=search_term_string"}],"inLanguage":"fr-FR"},{"@type":"Organization","@id":"https:\/\/pharmacie-albigny.com\/#organization","name":"Pharmacie des Deux Rives","url":"https:\/\/pharmacie-albigny.com\/","logo":{"@type":"ImageObject","inLanguage":"fr-FR","@id":"https:\/\/pharmacie-albigny.com\/#\/schema\/logo\/image\/","url":"https:\/\/pharmacie-albigny.com\/wp-content\/uploads\/2023\/05\/pharmacie2rives-albigny_logo.png","contentUrl":"https:\/\/pharmacie-albigny.com\/wp-content\/uploads\/2023\/05\/pharmacie2rives-albigny_logo.png","width":539,"height":155,"caption":"Pharmacie des Deux Rives"},"image":{"@id":"https:\/\/pharmacie-albigny.com\/#\/schema\/logo\/image\/"},"sameAs":["https:\/\/www.facebook.com\/profile.php?id=100057039146790"]}]}},"_links":{"self":[{"href":"https:\/\/pharmacie-albigny.com\/index.php?rest_route=\/wp\/v2\/pages\/2472","targetHints":{"allow":["GET"]}}],"collection":[{"href":"https:\/\/pharmacie-albigny.com\/index.php?rest_route=\/wp\/v2\/pages"}],"about":[{"href":"https:\/\/pharmacie-albigny.com\/index.php?rest_route=\/wp\/v2\/types\/page"}],"author":[{"embeddable":true,"href":"https:\/\/pharmacie-albigny.com\/index.php?rest_route=\/wp\/v2\/users\/4"}],"replies":[{"embeddable":true,"href":"https:\/\/pharmacie-albigny.com\/index.php?rest_route=%2Fwp%2Fv2%2Fcomments&post=2472"}],"version-history":[{"count":4,"href":"https:\/\/pharmacie-albigny.com\/index.php?rest_route=\/wp\/v2\/pages\/2472\/revisions"}],"predecessor-version":[{"id":3245,"href":"https:\/\/pharmacie-albigny.com\/index.php?rest_route=\/wp\/v2\/pages\/2472\/revisions\/3245"}],"wp:attachment":[{"href":"https:\/\/pharmacie-albigny.com\/index.php?rest_route=%2Fwp%2Fv2%2Fmedia&parent=2472"}],"curies":[{"name":"wp","href":"https:\/\/api.w.org\/{rel}","templated":true}]}}